{"id":18435,"date":"2025-05-13T16:32:35","date_gmt":"2025-05-13T22:32:35","guid":{"rendered":"https:\/\/www.visitcentroamerica.com\/interest-information\/visados-y-emergencias\/"},"modified":"2025-05-19T17:03:07","modified_gmt":"2025-05-19T23:03:07","slug":"visas-and-emergencies","status":"publish","type":"page","link":"https:\/\/www.visitcentroamerica.com\/en\/interest-information\/visas-and-emergencies\/","title":{"rendered":"Visas and Emergencies"},"content":{"rendered":"<div class=\"fusion-fullwidth fullwidth-box fusion-builder-row-1 fusion-flex-container has-pattern-background has-mask-background nonhundred-percent-fullwidth non-hundred-percent-height-scrolling\" style=\"--awb-border-radius-top-left:0px;--awb-border-radius-top-right:0px;--awb-border-radius-bottom-right:0px;--awb-border-radius-bottom-left:0px;--awb-margin-bottom:30px;--awb-flex-wrap:wrap;\" ><div class=\"fusion-builder-row fusion-row fusion-flex-align-items-flex-start fusion-flex-content-wrap\" style=\"max-width:1248px;margin-left: calc(-4% \/ 2 );margin-right: calc(-4% \/ 2 );\"><div class=\"fusion-layout-column fusion_builder_column fusion-builder-column-0 fusion_builder_column_1_4 1_4 fusion-flex-column fusion-no-small-visibility\" style=\"--awb-bg-size:cover;--awb-width-large:25%;--awb-margin-top-large:0px;--awb-spacing-right-large:7.68%;--awb-margin-bottom-large:20px;--awb-spacing-left-large:7.68%;--awb-width-medium:25%;--awb-order-medium:0;--awb-spacing-right-medium:7.68%;--awb-spacing-left-medium:7.68%;--awb-width-small:100%;--awb-order-small:0;--awb-spacing-right-small:1.92%;--awb-spacing-left-small:1.92%;\" data-scroll-devices=\"small-visibility,medium-visibility,large-visibility\"><div class=\"fusion-column-wrapper fusion-column-has-shadow fusion-flex-justify-content-flex-start fusion-content-layout-column\"><nav class=\"awb-menu awb-menu_column awb-menu_em-click mobile-mode-collapse-to-button awb-menu_icons-left awb-menu_dc-yes mobile-trigger-fullwidth-off awb-menu_mobile-toggle awb-menu_indent-left mobile-size-full-absolute loading mega-menu-loading awb-menu_desktop awb-menu_arrows-main awb-menu_v-stacked awb-menu_em-always\" style=\"--awb-bg:var(--awb-color6);--awb-items-padding-top:15px;--awb-items-padding-right:15px;--awb-items-padding-bottom:15px;--awb-items-padding-left:15px;--awb-color:var(--awb-color1);--awb-active-color:var(--awb-color1);--awb-active-bg:var(--awb-color3);--awb-submenu-color:var(--awb-custom_color_1);--awb-submenu-sep-color:var(--awb-color6);--awb-submenu-active-bg:var(--awb-color6);--awb-submenu-active-color:var(--awb-color1);--awb-submenu-font-size:var(--awb-custom_typography_4-font-size);--awb-submenu-text-transform:var(--awb-custom_typography_4-text-transform);--awb-submenu-line-height:var(--awb-custom_typography_4-line-height);--awb-submenu-letter-spacing:var(--awb-custom_typography_4-letter-spacing);--awb-icons-size:25;--awb-icons-color:var(--awb-color1);--awb-icons-hover-color:var(--awb-color1);--awb-arrows-size-height:35px;--awb-arrows-size-width:35px;--awb-main-justify-content:flex-start;--awb-sub-justify-content:flex-start;--awb-flyout-active-close-color:var(--awb-color1);--awb-mobile-justify:flex-start;--awb-mobile-caret-left:auto;--awb-mobile-caret-right:0;--awb-fusion-font-family-typography:inherit;--awb-fusion-font-style-typography:normal;--awb-fusion-font-weight-typography:400;--awb-fusion-font-family-submenu-typography:var(--awb-custom_typography_4-font-family);--awb-fusion-font-weight-submenu-typography:var(--awb-custom_typography_4-font-weight);--awb-fusion-font-style-submenu-typography:var(--awb-custom_typography_4-font-style);--awb-fusion-font-family-mobile-typography:inherit;--awb-fusion-font-style-mobile-typography:normal;--awb-fusion-font-weight-mobile-typography:400;\" aria-label=\"Submenu Interest - EN\" data-breakpoint=\"1024\" data-count=\"0\" data-transition-type=\"fade\" data-transition-time=\"300\"><button type=\"button\" class=\"awb-menu__m-toggle awb-menu__m-toggle_no-text\" aria-expanded=\"false\" aria-controls=\"menu-submenu-interest-en\"><span class=\"awb-menu__m-toggle-inner\"><span class=\"collapsed-nav-text\"><span class=\"screen-reader-text\">Toggle Navigation<\/span><\/span><span class=\"awb-menu__m-collapse-icon awb-menu__m-collapse-icon_no-text\"><span class=\"awb-menu__m-collapse-icon-open awb-menu__m-collapse-icon-open_no-text fa-bars fas\"><\/span><span class=\"awb-menu__m-collapse-icon-close awb-menu__m-collapse-icon-close_no-text fa-times fas\"><\/span><\/span><\/span><\/button><ul id=\"menu-submenu-interest-en\" class=\"fusion-menu awb-menu__main-ul awb-menu__main-ul_column\"><li  id=\"menu-item-18425\"  class=\"menu-item menu-item-type-post_type menu-item-object-page menu-item-has-children menu-item-18425 awb-menu__li awb-menu__main-li awb-menu__main-li_regular awb-menu__main-li_with-main-arrow awb-menu__main-li_with-arrow\"  data-item-id=\"18425\"><span class=\"awb-menu__main-background-default awb-menu__main-background-default_fade\"><\/span><span class=\"awb-menu__main-background-active awb-menu__main-background-active_fade\"><\/span><a  href=\"https:\/\/www.visitcentroamerica.com\/en\/interest-information\/\" class=\"awb-menu__main-a awb-menu__main-a_regular fusion-flex-link\"><span class=\"awb-menu__i awb-menu__i_main fusion-megamenu-icon\"><i class=\"glyphicon fa-star fas\" aria-hidden=\"true\"><\/i><\/span><span class=\"menu-text\">INTEREST<\/span><\/a><button type=\"button\" aria-label=\"Open submenu of INTEREST\" aria-expanded=\"false\" class=\"awb-menu__open-nav-submenu_mobile awb-menu__open-nav-submenu_click awb-menu__open-nav-submenu_main\"><\/button><ul class=\"awb-menu__sub-ul awb-menu__sub-ul_main\"><li  id=\"menu-item-18426\"  class=\"menu-item menu-item-type-post_type menu-item-object-page menu-item-18426 awb-menu__li awb-menu__sub-li\" ><a  href=\"https:\/\/www.visitcentroamerica.com\/en\/interest-information\/about-us\/\" class=\"awb-menu__sub-a\"><span>About Us<\/span><\/a><\/li><li  id=\"menu-item-18438\"  class=\"menu-item menu-item-type-post_type menu-item-object-page menu-item-18438 awb-menu__li awb-menu__sub-li\" ><a  href=\"https:\/\/www.visitcentroamerica.com\/en\/interest-information\/visas-and-emergencies\/\" class=\"awb-menu__sub-a\"><span>Visas and Emergencies<\/span><\/a><\/li><li  id=\"menu-item-18443\"  class=\"menu-item menu-item-type-post_type menu-item-object-page menu-item-18443 awb-menu__li awb-menu__sub-li\" ><a  href=\"https:\/\/www.visitcentroamerica.com\/en\/interest-information\/health-information\/\" class=\"awb-menu__sub-a\"><span>Health Information<\/span><\/a><\/li><li  id=\"menu-item-18448\"  class=\"menu-item menu-item-type-post_type menu-item-object-page menu-item-18448 awb-menu__li awb-menu__sub-li\" ><a  href=\"https:\/\/www.visitcentroamerica.com\/en\/interest-information\/flying-to-central-america\/\" class=\"awb-menu__sub-a\"><span>Flying to Central America<\/span><\/a><\/li><li  id=\"menu-item-18453\"  class=\"menu-item menu-item-type-post_type menu-item-object-page menu-item-18453 awb-menu__li awb-menu__sub-li\" ><a  href=\"https:\/\/www.visitcentroamerica.com\/en\/interest-information\/how-to-travel\/\" class=\"awb-menu__sub-a\"><span>How to Travel<\/span><\/a><\/li><li  id=\"menu-item-18458\"  class=\"menu-item menu-item-type-post_type menu-item-object-page menu-item-18458 awb-menu__li awb-menu__sub-li\" ><a  href=\"https:\/\/www.visitcentroamerica.com\/en\/interest-information\/currencies-in-central-america\/\" class=\"awb-menu__sub-a\"><span>Currencies in Central America<\/span><\/a><\/li><li  id=\"menu-item-18464\"  class=\"menu-item menu-item-type-post_type menu-item-object-page menu-item-18464 awb-menu__li awb-menu__sub-li\" ><a  href=\"https:\/\/www.visitcentroamerica.com\/en\/interest-information\/tour-operators\/\" class=\"awb-menu__sub-a\"><span>Tour Operators<\/span><\/a><\/li><li  id=\"menu-item-18475\"  class=\"menu-item menu-item-type-post_type menu-item-object-page menu-item-18475 awb-menu__li awb-menu__sub-li\" ><a  href=\"https:\/\/www.visitcentroamerica.com\/en\/interest-information\/travel-requirements-ca-dr\/\" class=\"awb-menu__sub-a\"><span>Travel Requirements to enter CA+DR<\/span><\/a><\/li><li  id=\"menu-item-18482\"  class=\"menu-item menu-item-type-post_type menu-item-object-page menu-item-18482 awb-menu__li awb-menu__sub-li\" ><a  href=\"https:\/\/www.visitcentroamerica.com\/en\/interest-information\/information-for-wholesalers\/\" class=\"awb-menu__sub-a\"><span>Information for Wholesalers<\/span><\/a><\/li><\/ul><\/li><\/ul><\/nav><\/div><\/div><div class=\"fusion-layout-column fusion_builder_column fusion-builder-column-1 fusion_builder_column_3_4 3_4 fusion-flex-column\" style=\"--awb-bg-size:cover;--awb-width-large:75%;--awb-margin-top-large:0px;--awb-spacing-right-large:2.56%;--awb-margin-bottom-large:20px;--awb-spacing-left-large:2.56%;--awb-width-medium:75%;--awb-order-medium:0;--awb-spacing-right-medium:2.56%;--awb-spacing-left-medium:2.56%;--awb-width-small:100%;--awb-order-small:0;--awb-spacing-right-small:1.92%;--awb-spacing-left-small:1.92%;\" data-scroll-devices=\"small-visibility,medium-visibility,large-visibility\"><div class=\"fusion-column-wrapper fusion-column-has-shadow fusion-flex-justify-content-flex-start fusion-content-layout-column\"><div class=\"fusion-text fusion-text-1\"><p>Here you will find information about visas to access the Central American countries, as well as the Red Cross and Police contact numbers in each country.<\/p>\n<div class=\"fusion-separator fusion-full-width-sep\" style=\"align-self: center;margin-left: auto;margin-right: auto;margin-bottom:30px;width:100%;\"><\/div>\n<h2>Visas and Immigration<\/h2>\n<p>Check the information on consular visas.<\/p>\n<ul>\n<li>Visas to visit\u00a0<a href=\"http:\/\/ins.gov.bz\/index.php\/visit-belize\/belize-visa\" target=\"_blank\" rel=\"noopener\">Belize<\/a>.<\/li>\n<li>Visas to visit\u00a0<a href=\"http:\/\/www.migracion.go.cr\/\" target=\"_blank\" rel=\"noopener\">Costa Rica<\/a>.<\/li>\n<li>Visas to visit\u00a0<a href=\"https:\/\/www.rree.gob.sv\/\" target=\"_blank\" rel=\"noopener\">El Salvador<\/a>.<\/li>\n<li>Visas to visit\u00a0<a href=\"http:\/\/www.minex.gob.gt\/Visor_Pagina.aspx?PaginaID=21\" target=\"_blank\" rel=\"noopener\">Guatemala<\/a>.<\/li>\n<li>Visas to visit\u00a0<a href=\"http:\/\/www.xplorhonduras.com\/visa-para-entrar-a-honduras\/\" target=\"_blank\" rel=\"noopener\">Honduras<\/a>.<\/li>\n<li>Visas to visit\u00a0<a href=\"http:\/\/visados.com\/es\/visados-para-Nicaragua\" target=\"_blank\" rel=\"noopener\">Nicaragua<\/a>.<\/li>\n<li>Visas to visit\u00a0<a href=\"http:\/\/www.atp.gob.pa\/requisitos-de-entrada-panama\" target=\"_blank\" rel=\"noopener\">Panam\u00e1<\/a>.<\/li>\n<\/ul>\n<div class=\"fusion-separator fusion-full-width-sep\" style=\"align-self: center;margin-left: auto;margin-right: auto;margin-bottom:30px;width:100%;\"><\/div>\n<h2>Emergency Telephone Numbers<\/h2>\n<p>Contact the Police and Red Cross in the different Central American countries.<\/p>\n<\/div>\n<div class=\"table-2 tabla-centro\">\n<table width=\"100%\">\n<thead>\n<tr>\n<th style=\"text-align: center;\" align=\"left\">COUNTRY<\/th>\n<th style=\"text-align: center;\" align=\"left\">INSTITUTION<\/th>\n<th style=\"text-align: center;\" align=\"left\">PHONE<\/th>\n<\/tr>\n<\/thead>\n<tbody>\n<tr>\n<td align=\"left\"><strong>Belize<\/strong><\/td>\n<td align=\"left\">Police<\/td>\n<td align=\"left\">911<\/td>\n<\/tr>\n<tr>\n<td align=\"left\"><strong>Costa Rica<\/strong><\/td>\n<td align=\"left\">Red Cross<\/td>\n<td align=\"left\">128<\/td>\n<\/tr>\n<tr>\n<td align=\"left\"><strong>Costa Rica<\/strong><\/td>\n<td align=\"left\">Police<\/td>\n<td align=\"left\">911<\/td>\n<\/tr>\n<tr>\n<td align=\"left\"><strong>El Salvador<\/strong><\/td>\n<td align=\"left\">Red Cross<\/td>\n<td align=\"left\">+ 503 2222 5155<\/td>\n<\/tr>\n<tr>\n<td align=\"left\"><strong>El Salvador<\/strong><\/td>\n<td align=\"left\">Police<\/td>\n<td align=\"left\">911<\/td>\n<\/tr>\n<tr>\n<td align=\"left\"><strong>Guatemala<\/strong><\/td>\n<td align=\"left\">Red Cross<\/td>\n<td align=\"left\">125<\/td>\n<\/tr>\n<tr>\n<td align=\"left\"><strong>Guatemala<\/strong><\/td>\n<td align=\"left\">Police<\/td>\n<td align=\"left\">110<\/td>\n<\/tr>\n<tr>\n<td align=\"left\"><strong>Honduras<\/strong><\/td>\n<td align=\"left\">Red Cross<\/td>\n<td align=\"left\">195<\/td>\n<\/tr>\n<tr>\n<td align=\"left\"><strong>Honduras<\/strong><\/td>\n<td align=\"left\">Police<\/td>\n<td align=\"left\">911<\/td>\n<\/tr>\n<tr>\n<td align=\"left\"><strong>Nicaragua<\/strong><\/td>\n<td align=\"left\">Red Cross<\/td>\n<td align=\"left\">128 \/ + 505 2265 2081<\/td>\n<\/tr>\n<tr>\n<td align=\"left\"><strong>Nicaragua<\/strong><\/td>\n<td align=\"left\">Police<\/td>\n<td align=\"left\">118<\/td>\n<\/tr>\n<tr>\n<td align=\"left\"><strong>Panama<\/strong><\/td>\n<td align=\"left\">Red Cross<\/td>\n<td align=\"left\">455<\/td>\n<\/tr>\n<tr>\n<td align=\"left\"><strong>Panama<\/strong><\/td>\n<td align=\"left\">Police<\/td>\n<td align=\"left\">104<\/td>\n<\/tr>\n<\/tbody>\n<\/table>\n<\/div>\n<\/div><\/div><\/div><\/div>\n","protected":false},"excerpt":{"rendered":"","protected":false},"author":1,"featured_media":17663,"parent":18417,"menu_order":0,"comment_status":"closed","ping_status":"closed","template":"100-width.php","meta":{"_acf_changed":false,"footnotes":""},"class_list":["post-18435","page","type-page","status-publish","has-post-thumbnail","hentry"],"acf":[],"yoast_head":"<!-- This site is optimized with the Yoast SEO Premium plugin v27.3 (Yoast SEO v27.3) - https:\/\/yoast.com\/product\/yoast-seo-premium-wordpress\/ -->\n<title>Emergency telephone numbers and information about visas in Center America<\/title>\n<meta name=\"description\" content=\"Consult emergency telephone numbers: Police and Red Cross of each Center America&#039;s country, as well as information about visas and immigration.\" \/>\n<meta name=\"robots\" content=\"index, follow, max-snippet:-1, max-image-preview:large, max-video-preview:-1\" \/>\n<link rel=\"canonical\" href=\"https:\/\/www.visitcentroamerica.com\/en\/interest-information\/visas-and-emergencies\/\" \/>\n<meta property=\"og:locale\" content=\"en_US\" \/>\n<meta property=\"og:type\" content=\"article\" \/>\n<meta property=\"og:title\" content=\"Visas and Emergencies - CATA\" \/>\n<meta property=\"og:description\" content=\"Consult emergency telephone numbers: Police and Red Cross of each Center America&#039;s country, as well as information about visas and immigration.\" \/>\n<meta property=\"og:url\" content=\"https:\/\/www.visitcentroamerica.com\/en\/interest-information\/visas-and-emergencies\/\" \/>\n<meta property=\"og:site_name\" content=\"CATA\" \/>\n<meta property=\"article:publisher\" content=\"https:\/\/www.facebook.com\/visitcentroamerica\/\" \/>\n<meta property=\"article:modified_time\" content=\"2025-05-19T23:03:07+00:00\" \/>\n<meta property=\"og:image\" content=\"https:\/\/www.visitcentroamerica.com\/wp-content\/uploads\/2025\/05\/Visados-y-emergencias-Centroamerica-header.webp\" \/>\n\t<meta property=\"og:image:width\" content=\"1920\" \/>\n\t<meta property=\"og:image:height\" content=\"600\" \/>\n\t<meta property=\"og:image:type\" content=\"image\/webp\" \/>\n<meta name=\"twitter:card\" content=\"summary_large_image\" \/>\n<meta name=\"twitter:title\" content=\"Visas and Emergencies - CATA\" \/>\n<meta name=\"twitter:site\" content=\"@visitcentroamer\" \/>\n<meta name=\"twitter:label1\" content=\"Est. reading time\" \/>\n\t<meta name=\"twitter:data1\" content=\"1 minute\" \/>\n<script type=\"application\/ld+json\" class=\"yoast-schema-graph\">{\"@context\":\"https:\\\/\\\/schema.org\",\"@graph\":[{\"@type\":\"WebPage\",\"@id\":\"https:\\\/\\\/www.visitcentroamerica.com\\\/en\\\/interest-information\\\/visas-and-emergencies\\\/\",\"url\":\"https:\\\/\\\/www.visitcentroamerica.com\\\/en\\\/interest-information\\\/visas-and-emergencies\\\/\",\"name\":\"Emergency telephone numbers and information about visas in Center America\",\"isPartOf\":{\"@id\":\"https:\\\/\\\/www.visitcentroamerica.com\\\/en\\\/#website\"},\"primaryImageOfPage\":{\"@id\":\"https:\\\/\\\/www.visitcentroamerica.com\\\/en\\\/interest-information\\\/visas-and-emergencies\\\/#primaryimage\"},\"image\":{\"@id\":\"https:\\\/\\\/www.visitcentroamerica.com\\\/en\\\/interest-information\\\/visas-and-emergencies\\\/#primaryimage\"},\"thumbnailUrl\":\"https:\\\/\\\/www.visitcentroamerica.com\\\/wp-content\\\/uploads\\\/2025\\\/05\\\/Visados-y-emergencias-Centroamerica-header.webp\",\"datePublished\":\"2025-05-13T22:32:35+00:00\",\"dateModified\":\"2025-05-19T23:03:07+00:00\",\"description\":\"Consult emergency telephone numbers: Police and Red Cross of each Center America's country, as well as information about visas and immigration.\",\"breadcrumb\":{\"@id\":\"https:\\\/\\\/www.visitcentroamerica.com\\\/en\\\/interest-information\\\/visas-and-emergencies\\\/#breadcrumb\"},\"inLanguage\":\"en-US\",\"potentialAction\":[{\"@type\":\"ReadAction\",\"target\":[\"https:\\\/\\\/www.visitcentroamerica.com\\\/en\\\/interest-information\\\/visas-and-emergencies\\\/\"]}]},{\"@type\":\"ImageObject\",\"inLanguage\":\"en-US\",\"@id\":\"https:\\\/\\\/www.visitcentroamerica.com\\\/en\\\/interest-information\\\/visas-and-emergencies\\\/#primaryimage\",\"url\":\"https:\\\/\\\/www.visitcentroamerica.com\\\/wp-content\\\/uploads\\\/2025\\\/05\\\/Visados-y-emergencias-Centroamerica-header.webp\",\"contentUrl\":\"https:\\\/\\\/www.visitcentroamerica.com\\\/wp-content\\\/uploads\\\/2025\\\/05\\\/Visados-y-emergencias-Centroamerica-header.webp\",\"width\":1920,\"height\":600,\"caption\":\"Visados y Emergencias\"},{\"@type\":\"BreadcrumbList\",\"@id\":\"https:\\\/\\\/www.visitcentroamerica.com\\\/en\\\/interest-information\\\/visas-and-emergencies\\\/#breadcrumb\",\"itemListElement\":[{\"@type\":\"ListItem\",\"position\":1,\"name\":\"Home\",\"item\":\"https:\\\/\\\/www.visitcentroamerica.com\\\/en\\\/\"},{\"@type\":\"ListItem\",\"position\":2,\"name\":\"Interest Information\",\"item\":\"https:\\\/\\\/www.visitcentroamerica.com\\\/en\\\/interest-information\\\/\"},{\"@type\":\"ListItem\",\"position\":3,\"name\":\"Visas and Emergencies\"}]},{\"@type\":\"WebSite\",\"@id\":\"https:\\\/\\\/www.visitcentroamerica.com\\\/en\\\/#website\",\"url\":\"https:\\\/\\\/www.visitcentroamerica.com\\\/en\\\/\",\"name\":\"Centroam\u00e9rica\",\"description\":\"Descubre lo mejor de Centroam\u00e9rica y Rep\u00fablica Dominicana: playas, cultura, aventura y naturaleza en un solo destino. \u00a1Planifica tu viaje hoy!\",\"publisher\":{\"@id\":\"https:\\\/\\\/www.visitcentroamerica.com\\\/en\\\/#organization\"},\"alternateName\":\"CATA\",\"potentialAction\":[{\"@type\":\"SearchAction\",\"target\":{\"@type\":\"EntryPoint\",\"urlTemplate\":\"https:\\\/\\\/www.visitcentroamerica.com\\\/en\\\/?s={search_term_string}\"},\"query-input\":{\"@type\":\"PropertyValueSpecification\",\"valueRequired\":true,\"valueName\":\"search_term_string\"}}],\"inLanguage\":\"en-US\"},{\"@type\":\"Organization\",\"@id\":\"https:\\\/\\\/www.visitcentroamerica.com\\\/en\\\/#organization\",\"name\":\"CATA\",\"alternateName\":\"Central America Tourism Agency\",\"url\":\"https:\\\/\\\/www.visitcentroamerica.com\\\/en\\\/\",\"logo\":{\"@type\":\"ImageObject\",\"inLanguage\":\"en-US\",\"@id\":\"https:\\\/\\\/www.visitcentroamerica.com\\\/en\\\/#\\\/schema\\\/logo\\\/image\\\/\",\"url\":\"https:\\\/\\\/www.visitcentroamerica.com\\\/wp-content\\\/uploads\\\/2025\\\/04\\\/Centroamerica.webp\",\"contentUrl\":\"https:\\\/\\\/www.visitcentroamerica.com\\\/wp-content\\\/uploads\\\/2025\\\/04\\\/Centroamerica.webp\",\"width\":628,\"height\":150,\"caption\":\"CATA\"},\"image\":{\"@id\":\"https:\\\/\\\/www.visitcentroamerica.com\\\/en\\\/#\\\/schema\\\/logo\\\/image\\\/\"},\"sameAs\":[\"https:\\\/\\\/www.facebook.com\\\/visitcentroamerica\\\/\",\"https:\\\/\\\/x.com\\\/visitcentroamer\",\"https:\\\/\\\/www.instagram.com\\\/visita_centroamerica\\\/\",\"https:\\\/\\\/www.youtube.com\\\/channel\\\/UCFergHI4sj_fgjqPV5867Lg\"],\"description\":\"En CATA trabajamos de la mano con el sector p\u00fablico y privado de la industria tur\u00edstica de Centroam\u00e9rica para posicionar al istmo como un multidestino en los mercados europeos, as\u00ed como la oferta tur\u00edstica de la Rep\u00fablica Dominicana y as\u00ed fortalecer las capacidades, destrezas y habilidades del tejido empresarial e institucional.\",\"email\":\"info@catacentroamerica.com\",\"telephone\":\"+503 2248-6924\",\"legalName\":\"Agencia de Promoci\u00f3n Tur\u00edstica de Centroam\u00e9rica - CATA\",\"foundingDate\":\"2003-04-23\",\"numberOfEmployees\":{\"@type\":\"QuantitativeValue\",\"minValue\":\"11\",\"maxValue\":\"50\"}}]}<\/script>\n<!-- \/ Yoast SEO Premium plugin. -->","yoast_head_json":{"title":"Emergency telephone numbers and information about visas in Center America","description":"Consult emergency telephone numbers: Police and Red Cross of each Center America's country, as well as information about visas and immigration.","robots":{"index":"index","follow":"follow","max-snippet":"max-snippet:-1","max-image-preview":"max-image-preview:large","max-video-preview":"max-video-preview:-1"},"canonical":"https:\/\/www.visitcentroamerica.com\/en\/interest-information\/visas-and-emergencies\/","og_locale":"en_US","og_type":"article","og_title":"Visas and Emergencies - CATA","og_description":"Consult emergency telephone numbers: Police and Red Cross of each Center America's country, as well as information about visas and immigration.","og_url":"https:\/\/www.visitcentroamerica.com\/en\/interest-information\/visas-and-emergencies\/","og_site_name":"CATA","article_publisher":"https:\/\/www.facebook.com\/visitcentroamerica\/","article_modified_time":"2025-05-19T23:03:07+00:00","og_image":[{"width":1920,"height":600,"url":"https:\/\/www.visitcentroamerica.com\/wp-content\/uploads\/2025\/05\/Visados-y-emergencias-Centroamerica-header.webp","type":"image\/webp"}],"twitter_card":"summary_large_image","twitter_title":"Visas and Emergencies - CATA","twitter_site":"@visitcentroamer","twitter_misc":{"Est. reading time":"1 minute"},"schema":{"@context":"https:\/\/schema.org","@graph":[{"@type":"WebPage","@id":"https:\/\/www.visitcentroamerica.com\/en\/interest-information\/visas-and-emergencies\/","url":"https:\/\/www.visitcentroamerica.com\/en\/interest-information\/visas-and-emergencies\/","name":"Emergency telephone numbers and information about visas in Center America","isPartOf":{"@id":"https:\/\/www.visitcentroamerica.com\/en\/#website"},"primaryImageOfPage":{"@id":"https:\/\/www.visitcentroamerica.com\/en\/interest-information\/visas-and-emergencies\/#primaryimage"},"image":{"@id":"https:\/\/www.visitcentroamerica.com\/en\/interest-information\/visas-and-emergencies\/#primaryimage"},"thumbnailUrl":"https:\/\/www.visitcentroamerica.com\/wp-content\/uploads\/2025\/05\/Visados-y-emergencias-Centroamerica-header.webp","datePublished":"2025-05-13T22:32:35+00:00","dateModified":"2025-05-19T23:03:07+00:00","description":"Consult emergency telephone numbers: Police and Red Cross of each Center America's country, as well as information about visas and immigration.","breadcrumb":{"@id":"https:\/\/www.visitcentroamerica.com\/en\/interest-information\/visas-and-emergencies\/#breadcrumb"},"inLanguage":"en-US","potentialAction":[{"@type":"ReadAction","target":["https:\/\/www.visitcentroamerica.com\/en\/interest-information\/visas-and-emergencies\/"]}]},{"@type":"ImageObject","inLanguage":"en-US","@id":"https:\/\/www.visitcentroamerica.com\/en\/interest-information\/visas-and-emergencies\/#primaryimage","url":"https:\/\/www.visitcentroamerica.com\/wp-content\/uploads\/2025\/05\/Visados-y-emergencias-Centroamerica-header.webp","contentUrl":"https:\/\/www.visitcentroamerica.com\/wp-content\/uploads\/2025\/05\/Visados-y-emergencias-Centroamerica-header.webp","width":1920,"height":600,"caption":"Visados y Emergencias"},{"@type":"BreadcrumbList","@id":"https:\/\/www.visitcentroamerica.com\/en\/interest-information\/visas-and-emergencies\/#breadcrumb","itemListElement":[{"@type":"ListItem","position":1,"name":"Home","item":"https:\/\/www.visitcentroamerica.com\/en\/"},{"@type":"ListItem","position":2,"name":"Interest Information","item":"https:\/\/www.visitcentroamerica.com\/en\/interest-information\/"},{"@type":"ListItem","position":3,"name":"Visas and Emergencies"}]},{"@type":"WebSite","@id":"https:\/\/www.visitcentroamerica.com\/en\/#website","url":"https:\/\/www.visitcentroamerica.com\/en\/","name":"Centroam\u00e9rica","description":"Descubre lo mejor de Centroam\u00e9rica y Rep\u00fablica Dominicana: playas, cultura, aventura y naturaleza en un solo destino. \u00a1Planifica tu viaje hoy!","publisher":{"@id":"https:\/\/www.visitcentroamerica.com\/en\/#organization"},"alternateName":"CATA","potentialAction":[{"@type":"SearchAction","target":{"@type":"EntryPoint","urlTemplate":"https:\/\/www.visitcentroamerica.com\/en\/?s={search_term_string}"},"query-input":{"@type":"PropertyValueSpecification","valueRequired":true,"valueName":"search_term_string"}}],"inLanguage":"en-US"},{"@type":"Organization","@id":"https:\/\/www.visitcentroamerica.com\/en\/#organization","name":"CATA","alternateName":"Central America Tourism Agency","url":"https:\/\/www.visitcentroamerica.com\/en\/","logo":{"@type":"ImageObject","inLanguage":"en-US","@id":"https:\/\/www.visitcentroamerica.com\/en\/#\/schema\/logo\/image\/","url":"https:\/\/www.visitcentroamerica.com\/wp-content\/uploads\/2025\/04\/Centroamerica.webp","contentUrl":"https:\/\/www.visitcentroamerica.com\/wp-content\/uploads\/2025\/04\/Centroamerica.webp","width":628,"height":150,"caption":"CATA"},"image":{"@id":"https:\/\/www.visitcentroamerica.com\/en\/#\/schema\/logo\/image\/"},"sameAs":["https:\/\/www.facebook.com\/visitcentroamerica\/","https:\/\/x.com\/visitcentroamer","https:\/\/www.instagram.com\/visita_centroamerica\/","https:\/\/www.youtube.com\/channel\/UCFergHI4sj_fgjqPV5867Lg"],"description":"En CATA trabajamos de la mano con el sector p\u00fablico y privado de la industria tur\u00edstica de Centroam\u00e9rica para posicionar al istmo como un multidestino en los mercados europeos, as\u00ed como la oferta tur\u00edstica de la Rep\u00fablica Dominicana y as\u00ed fortalecer las capacidades, destrezas y habilidades del tejido empresarial e institucional.","email":"info@catacentroamerica.com","telephone":"+503 2248-6924","legalName":"Agencia de Promoci\u00f3n Tur\u00edstica de Centroam\u00e9rica - CATA","foundingDate":"2003-04-23","numberOfEmployees":{"@type":"QuantitativeValue","minValue":"11","maxValue":"50"}}]}},"_links":{"self":[{"href":"https:\/\/www.visitcentroamerica.com\/en\/wp-json\/wp\/v2\/pages\/18435","targetHints":{"allow":["GET"]}}],"collection":[{"href":"https:\/\/www.visitcentroamerica.com\/en\/wp-json\/wp\/v2\/pages"}],"about":[{"href":"https:\/\/www.visitcentroamerica.com\/en\/wp-json\/wp\/v2\/types\/page"}],"author":[{"embeddable":true,"href":"https:\/\/www.visitcentroamerica.com\/en\/wp-json\/wp\/v2\/users\/1"}],"replies":[{"embeddable":true,"href":"https:\/\/www.visitcentroamerica.com\/en\/wp-json\/wp\/v2\/comments?post=18435"}],"version-history":[{"count":2,"href":"https:\/\/www.visitcentroamerica.com\/en\/wp-json\/wp\/v2\/pages\/18435\/revisions"}],"predecessor-version":[{"id":18437,"href":"https:\/\/www.visitcentroamerica.com\/en\/wp-json\/wp\/v2\/pages\/18435\/revisions\/18437"}],"up":[{"embeddable":true,"href":"https:\/\/www.visitcentroamerica.com\/en\/wp-json\/wp\/v2\/pages\/18417"}],"wp:featuredmedia":[{"embeddable":true,"href":"https:\/\/www.visitcentroamerica.com\/en\/wp-json\/wp\/v2\/media\/17663"}],"wp:attachment":[{"href":"https:\/\/www.visitcentroamerica.com\/en\/wp-json\/wp\/v2\/media?parent=18435"}],"curies":[{"name":"wp","href":"https:\/\/api.w.org\/{rel}","templated":true}]}}