{"id":17960,"date":"2025-05-08T22:31:46","date_gmt":"2025-05-09T04:31:46","guid":{"rendered":"https:\/\/www.visitcentroamerica.com\/what-to-discover\/mapa-interactivo-fullscreen\/"},"modified":"2025-08-07T22:57:17","modified_gmt":"2025-08-08T04:57:17","slug":"interactive-map-fullscreen","status":"publish","type":"page","link":"https:\/\/www.visitcentroamerica.com\/en\/what-to-discover\/interactive-map-fullscreen\/","title":{"rendered":"Interactive Map &#8211; fullscreen"},"content":{"rendered":"<div class=\"fusion-fullwidth fullwidth-box fusion-builder-row-1 fusion-flex-container has-pattern-background has-mask-background hundred-percent-fullwidth hundred-percent-height hundred-percent-height-center-content non-hundred-percent-height-scrolling\" style=\"--awb-border-radius-top-left:0px;--awb-border-radius-top-right:0px;--awb-border-radius-bottom-right:0px;--awb-border-radius-bottom-left:0px;--awb-padding-top:0px;--awb-padding-right:0px;--awb-padding-bottom:0px;--awb-padding-left:0px;--awb-margin-top:0px;--awb-margin-bottom:0px;--awb-flex-wrap:wrap;\" ><div class=\"fusion-builder-row fusion-row fusion-flex-align-items-flex-start fusion-flex-content-wrap\" style=\"width:calc( 100% + 0px ) !important;max-width:calc( 100% + 0px ) !important;margin-left: calc(-0px \/ 2 );margin-right: calc(-0px \/ 2 );\"><div class=\"fusion-layout-column fusion_builder_column fusion-builder-column-0 fusion_builder_column_1_1 1_1 fusion-flex-column iframe-full\" style=\"--awb-bg-size:cover;--awb-width-large:100%;--awb-margin-top-large:0px;--awb-spacing-right-large:0px;--awb-margin-bottom-large:0px;--awb-spacing-left-large:0px;--awb-width-medium:100%;--awb-order-medium:0;--awb-spacing-right-medium:0px;--awb-spacing-left-medium:0px;--awb-width-small:100%;--awb-order-small:0;--awb-spacing-right-small:0px;--awb-spacing-left-small:0px;\" data-scroll-devices=\"small-visibility,medium-visibility,large-visibility\"><div class=\"fusion-column-wrapper fusion-column-has-shadow fusion-flex-justify-content-flex-start fusion-content-layout-column\"><iframe src=\"https:\/\/www.visitcentroamerica.com\/tours-centroamerica.html\" width=\"100%\" height=\"100%\"><span data-mce-type=\"bookmark\" style=\"display: inline-block; width: 0px; overflow: hidden; line-height: 0;\" class=\"mce_SELRES_start\">\ufeff<\/span><\/iframe><\/div><\/div><\/div><\/div>\n","protected":false},"excerpt":{"rendered":"","protected":false},"author":1,"featured_media":0,"parent":17835,"menu_order":0,"comment_status":"closed","ping_status":"closed","template":"100-width.php","meta":{"_acf_changed":false,"footnotes":""},"class_list":["post-17960","page","type-page","status-publish","hentry"],"acf":[],"yoast_head":"<!-- This site is optimized with the Yoast SEO Premium plugin v27.6 (Yoast SEO v27.6) - https:\/\/yoast.com\/product\/yoast-seo-premium-wordpress\/ -->\n<title>Interactive Map of Central America - CATA<\/title>\n<meta name=\"description\" content=\"Interactive Map of Central America developed by Carlos Rivas.\" \/>\n<meta name=\"robots\" content=\"index, follow, max-snippet:-1, max-image-preview:large, max-video-preview:-1\" \/>\n<link rel=\"canonical\" href=\"https:\/\/www.visitcentroamerica.com\/en\/what-to-discover\/interactive-map-fullscreen\/\" \/>\n<meta property=\"og:locale\" content=\"en_US\" \/>\n<meta property=\"og:type\" content=\"article\" \/>\n<meta property=\"og:title\" content=\"Interactive Map - fullscreen - CATA\" \/>\n<meta property=\"og:description\" content=\"Interactive Map of Central America developed by Carlos Rivas.\" \/>\n<meta property=\"og:url\" content=\"https:\/\/www.visitcentroamerica.com\/en\/what-to-discover\/interactive-map-fullscreen\/\" \/>\n<meta property=\"og:site_name\" content=\"CATA\" \/>\n<meta property=\"article:publisher\" content=\"https:\/\/www.facebook.com\/visitcentroamerica\/\" \/>\n<meta property=\"article:modified_time\" content=\"2025-08-08T04:57:17+00:00\" \/>\n<meta property=\"og:image\" content=\"https:\/\/www.visitcentroamerica.com\/wp-content\/uploads\/2025\/04\/Centroamerica-Default-Image.webp\" \/>\n\t<meta property=\"og:image:width\" content=\"1200\" \/>\n\t<meta property=\"og:image:height\" content=\"675\" \/>\n\t<meta property=\"og:image:type\" content=\"image\/webp\" \/>\n<meta name=\"twitter:card\" content=\"summary_large_image\" \/>\n<meta name=\"twitter:title\" content=\"Interactive Map - fullscreen - CATA\" \/>\n<meta name=\"twitter:site\" content=\"@visitcentroamer\" \/>\n<script type=\"application\/ld+json\" class=\"yoast-schema-graph\">{\"@context\":\"https:\\\/\\\/schema.org\",\"@graph\":[{\"@type\":\"WebPage\",\"@id\":\"https:\\\/\\\/www.visitcentroamerica.com\\\/en\\\/what-to-discover\\\/interactive-map-fullscreen\\\/\",\"url\":\"https:\\\/\\\/www.visitcentroamerica.com\\\/en\\\/what-to-discover\\\/interactive-map-fullscreen\\\/\",\"name\":\"Interactive Map of Central America - CATA\",\"isPartOf\":{\"@id\":\"https:\\\/\\\/www.visitcentroamerica.com\\\/en\\\/#website\"},\"datePublished\":\"2025-05-09T04:31:46+00:00\",\"dateModified\":\"2025-08-08T04:57:17+00:00\",\"description\":\"Interactive Map of Central America developed by Carlos Rivas.\",\"breadcrumb\":{\"@id\":\"https:\\\/\\\/www.visitcentroamerica.com\\\/en\\\/what-to-discover\\\/interactive-map-fullscreen\\\/#breadcrumb\"},\"inLanguage\":\"en-US\",\"potentialAction\":[{\"@type\":\"ReadAction\",\"target\":[\"https:\\\/\\\/www.visitcentroamerica.com\\\/en\\\/what-to-discover\\\/interactive-map-fullscreen\\\/\"]}]},{\"@type\":\"BreadcrumbList\",\"@id\":\"https:\\\/\\\/www.visitcentroamerica.com\\\/en\\\/what-to-discover\\\/interactive-map-fullscreen\\\/#breadcrumb\",\"itemListElement\":[{\"@type\":\"ListItem\",\"position\":1,\"name\":\"Home\",\"item\":\"https:\\\/\\\/www.visitcentroamerica.com\\\/en\\\/\"},{\"@type\":\"ListItem\",\"position\":2,\"name\":\"What to discover\",\"item\":\"https:\\\/\\\/www.visitcentroamerica.com\\\/en\\\/what-to-discover\\\/\"},{\"@type\":\"ListItem\",\"position\":3,\"name\":\"Interactive Map &#8211; fullscreen\"}]},{\"@type\":\"WebSite\",\"@id\":\"https:\\\/\\\/www.visitcentroamerica.com\\\/en\\\/#website\",\"url\":\"https:\\\/\\\/www.visitcentroamerica.com\\\/en\\\/\",\"name\":\"Centroam\u00e9rica\",\"description\":\"Descubre lo mejor de Centroam\u00e9rica y Rep\u00fablica Dominicana: playas, cultura, aventura y naturaleza en un solo destino. \u00a1Planifica tu viaje hoy!\",\"publisher\":{\"@id\":\"https:\\\/\\\/www.visitcentroamerica.com\\\/en\\\/#organization\"},\"alternateName\":\"CATA\",\"potentialAction\":[{\"@type\":\"SearchAction\",\"target\":{\"@type\":\"EntryPoint\",\"urlTemplate\":\"https:\\\/\\\/www.visitcentroamerica.com\\\/en\\\/?s={search_term_string}\"},\"query-input\":{\"@type\":\"PropertyValueSpecification\",\"valueRequired\":true,\"valueName\":\"search_term_string\"}}],\"inLanguage\":\"en-US\"},{\"@type\":\"Organization\",\"@id\":\"https:\\\/\\\/www.visitcentroamerica.com\\\/en\\\/#organization\",\"name\":\"CATA\",\"alternateName\":\"Central America Tourism Agency\",\"url\":\"https:\\\/\\\/www.visitcentroamerica.com\\\/en\\\/\",\"logo\":{\"@type\":\"ImageObject\",\"inLanguage\":\"en-US\",\"@id\":\"https:\\\/\\\/www.visitcentroamerica.com\\\/en\\\/#\\\/schema\\\/logo\\\/image\\\/\",\"url\":\"https:\\\/\\\/www.visitcentroamerica.com\\\/wp-content\\\/uploads\\\/2025\\\/04\\\/Centroamerica.webp\",\"contentUrl\":\"https:\\\/\\\/www.visitcentroamerica.com\\\/wp-content\\\/uploads\\\/2025\\\/04\\\/Centroamerica.webp\",\"width\":628,\"height\":150,\"caption\":\"CATA\"},\"image\":{\"@id\":\"https:\\\/\\\/www.visitcentroamerica.com\\\/en\\\/#\\\/schema\\\/logo\\\/image\\\/\"},\"sameAs\":[\"https:\\\/\\\/www.facebook.com\\\/visitcentroamerica\\\/\",\"https:\\\/\\\/x.com\\\/visitcentroamer\",\"https:\\\/\\\/www.instagram.com\\\/visita_centroamerica\\\/\",\"https:\\\/\\\/www.youtube.com\\\/channel\\\/UCFergHI4sj_fgjqPV5867Lg\"],\"description\":\"En CATA trabajamos de la mano con el sector p\u00fablico y privado de la industria tur\u00edstica de Centroam\u00e9rica para posicionar al istmo como un multidestino en los mercados europeos, as\u00ed como la oferta tur\u00edstica de la Rep\u00fablica Dominicana y as\u00ed fortalecer las capacidades, destrezas y habilidades del tejido empresarial e institucional.\",\"email\":\"info@catacentroamerica.com\",\"telephone\":\"+503 2248-6924\",\"legalName\":\"Agencia de Promoci\u00f3n Tur\u00edstica de Centroam\u00e9rica - CATA\",\"foundingDate\":\"2003-04-23\",\"numberOfEmployees\":{\"@type\":\"QuantitativeValue\",\"minValue\":\"11\",\"maxValue\":\"50\"}}]}<\/script>\n<!-- \/ Yoast SEO Premium plugin. -->","yoast_head_json":{"title":"Interactive Map of Central America - CATA","description":"Interactive Map of Central America developed by Carlos Rivas.","robots":{"index":"index","follow":"follow","max-snippet":"max-snippet:-1","max-image-preview":"max-image-preview:large","max-video-preview":"max-video-preview:-1"},"canonical":"https:\/\/www.visitcentroamerica.com\/en\/what-to-discover\/interactive-map-fullscreen\/","og_locale":"en_US","og_type":"article","og_title":"Interactive Map - fullscreen - CATA","og_description":"Interactive Map of Central America developed by Carlos Rivas.","og_url":"https:\/\/www.visitcentroamerica.com\/en\/what-to-discover\/interactive-map-fullscreen\/","og_site_name":"CATA","article_publisher":"https:\/\/www.facebook.com\/visitcentroamerica\/","article_modified_time":"2025-08-08T04:57:17+00:00","og_image":[{"width":1200,"height":675,"url":"https:\/\/www.visitcentroamerica.com\/wp-content\/uploads\/2025\/04\/Centroamerica-Default-Image.webp","type":"image\/webp"}],"twitter_card":"summary_large_image","twitter_title":"Interactive Map - fullscreen - CATA","twitter_site":"@visitcentroamer","schema":{"@context":"https:\/\/schema.org","@graph":[{"@type":"WebPage","@id":"https:\/\/www.visitcentroamerica.com\/en\/what-to-discover\/interactive-map-fullscreen\/","url":"https:\/\/www.visitcentroamerica.com\/en\/what-to-discover\/interactive-map-fullscreen\/","name":"Interactive Map of Central America - CATA","isPartOf":{"@id":"https:\/\/www.visitcentroamerica.com\/en\/#website"},"datePublished":"2025-05-09T04:31:46+00:00","dateModified":"2025-08-08T04:57:17+00:00","description":"Interactive Map of Central America developed by Carlos Rivas.","breadcrumb":{"@id":"https:\/\/www.visitcentroamerica.com\/en\/what-to-discover\/interactive-map-fullscreen\/#breadcrumb"},"inLanguage":"en-US","potentialAction":[{"@type":"ReadAction","target":["https:\/\/www.visitcentroamerica.com\/en\/what-to-discover\/interactive-map-fullscreen\/"]}]},{"@type":"BreadcrumbList","@id":"https:\/\/www.visitcentroamerica.com\/en\/what-to-discover\/interactive-map-fullscreen\/#breadcrumb","itemListElement":[{"@type":"ListItem","position":1,"name":"Home","item":"https:\/\/www.visitcentroamerica.com\/en\/"},{"@type":"ListItem","position":2,"name":"What to discover","item":"https:\/\/www.visitcentroamerica.com\/en\/what-to-discover\/"},{"@type":"ListItem","position":3,"name":"Interactive Map &#8211; fullscreen"}]},{"@type":"WebSite","@id":"https:\/\/www.visitcentroamerica.com\/en\/#website","url":"https:\/\/www.visitcentroamerica.com\/en\/","name":"Centroam\u00e9rica","description":"Descubre lo mejor de Centroam\u00e9rica y Rep\u00fablica Dominicana: playas, cultura, aventura y naturaleza en un solo destino. \u00a1Planifica tu viaje hoy!","publisher":{"@id":"https:\/\/www.visitcentroamerica.com\/en\/#organization"},"alternateName":"CATA","potentialAction":[{"@type":"SearchAction","target":{"@type":"EntryPoint","urlTemplate":"https:\/\/www.visitcentroamerica.com\/en\/?s={search_term_string}"},"query-input":{"@type":"PropertyValueSpecification","valueRequired":true,"valueName":"search_term_string"}}],"inLanguage":"en-US"},{"@type":"Organization","@id":"https:\/\/www.visitcentroamerica.com\/en\/#organization","name":"CATA","alternateName":"Central America Tourism Agency","url":"https:\/\/www.visitcentroamerica.com\/en\/","logo":{"@type":"ImageObject","inLanguage":"en-US","@id":"https:\/\/www.visitcentroamerica.com\/en\/#\/schema\/logo\/image\/","url":"https:\/\/www.visitcentroamerica.com\/wp-content\/uploads\/2025\/04\/Centroamerica.webp","contentUrl":"https:\/\/www.visitcentroamerica.com\/wp-content\/uploads\/2025\/04\/Centroamerica.webp","width":628,"height":150,"caption":"CATA"},"image":{"@id":"https:\/\/www.visitcentroamerica.com\/en\/#\/schema\/logo\/image\/"},"sameAs":["https:\/\/www.facebook.com\/visitcentroamerica\/","https:\/\/x.com\/visitcentroamer","https:\/\/www.instagram.com\/visita_centroamerica\/","https:\/\/www.youtube.com\/channel\/UCFergHI4sj_fgjqPV5867Lg"],"description":"En CATA trabajamos de la mano con el sector p\u00fablico y privado de la industria tur\u00edstica de Centroam\u00e9rica para posicionar al istmo como un multidestino en los mercados europeos, as\u00ed como la oferta tur\u00edstica de la Rep\u00fablica Dominicana y as\u00ed fortalecer las capacidades, destrezas y habilidades del tejido empresarial e institucional.","email":"info@catacentroamerica.com","telephone":"+503 2248-6924","legalName":"Agencia de Promoci\u00f3n Tur\u00edstica de Centroam\u00e9rica - CATA","foundingDate":"2003-04-23","numberOfEmployees":{"@type":"QuantitativeValue","minValue":"11","maxValue":"50"}}]}},"_links":{"self":[{"href":"https:\/\/www.visitcentroamerica.com\/en\/wp-json\/wp\/v2\/pages\/17960","targetHints":{"allow":["GET"]}}],"collection":[{"href":"https:\/\/www.visitcentroamerica.com\/en\/wp-json\/wp\/v2\/pages"}],"about":[{"href":"https:\/\/www.visitcentroamerica.com\/en\/wp-json\/wp\/v2\/types\/page"}],"author":[{"embeddable":true,"href":"https:\/\/www.visitcentroamerica.com\/en\/wp-json\/wp\/v2\/users\/1"}],"replies":[{"embeddable":true,"href":"https:\/\/www.visitcentroamerica.com\/en\/wp-json\/wp\/v2\/comments?post=17960"}],"version-history":[{"count":3,"href":"https:\/\/www.visitcentroamerica.com\/en\/wp-json\/wp\/v2\/pages\/17960\/revisions"}],"predecessor-version":[{"id":19933,"href":"https:\/\/www.visitcentroamerica.com\/en\/wp-json\/wp\/v2\/pages\/17960\/revisions\/19933"}],"up":[{"embeddable":true,"href":"https:\/\/www.visitcentroamerica.com\/en\/wp-json\/wp\/v2\/pages\/17835"}],"wp:attachment":[{"href":"https:\/\/www.visitcentroamerica.com\/en\/wp-json\/wp\/v2\/media?parent=17960"}],"curies":[{"name":"wp","href":"https:\/\/api.w.org\/{rel}","templated":true}]}}